{"id":645,"date":"2026-04-04T04:14:57","date_gmt":"2026-04-04T04:14:57","guid":{"rendered":"https:\/\/hathannhatlong.io.vn\/kemtyvan\/?page_id=645"},"modified":"2026-04-04T04:39:52","modified_gmt":"2026-04-04T04:39:52","slug":"chinh-sach-ban-hang","status":"publish","type":"page","link":"https:\/\/hathannhatlong.io.vn\/kemtyvan\/chinh-sach-ban-hang\/","title":{"rendered":"CH\u00cdNH S\u00c1CH B\u00c1N H\u00c0NG"},"content":{"rendered":"\t\t<div data-elementor-type=\"wp-page\" data-elementor-id=\"645\" class=\"elementor elementor-645\" data-elementor-post-type=\"page\">\n\t\t\t\t<div class=\"elementor-element elementor-element-cab4b8b e-flex e-con-boxed e-con e-parent\" data-id=\"cab4b8b\" data-element_type=\"container\" data-e-type=\"container\" data-settings=\"{&quot;background_background&quot;:&quot;classic&quot;}\">\n\t\t\t\t\t<div class=\"e-con-inner\">\n\t\t\t\t\t<\/div>\n\t\t\t\t<\/div>\n\t\t<div class=\"elementor-element elementor-element-9257fbe e-flex e-con-boxed e-con e-parent\" data-id=\"9257fbe\" data-element_type=\"container\" data-e-type=\"container\">\n\t\t\t\t\t<div class=\"e-con-inner\">\n\t\t\t\t<div class=\"elementor-element elementor-element-71cf4ff elementor-widget elementor-widget-pp-info-box\" data-id=\"71cf4ff\" data-element_type=\"widget\" data-e-type=\"widget\" data-widget_type=\"pp-info-box.default\">\n\t\t\t\t<div class=\"elementor-widget-container\">\n\t\t\t\t\t\t\t<div class=\"pp-info-box-container\">\n\t\t\t<div class=\"pp-info-box\">\n\t\t\t\t\t\t\t\t<div class=\"pp-info-box-content\">\n\t\t\t\t\t<div class=\"pp-info-box-title-wrap\">\n\t\t\t\t\t\t\t\t\t\t\t\t\t<div class=\"pp-info-box-title-container\">\n\t\t\t\t\t\t\t\t<h2 class=\"pp-info-box-title\">\n\t\t\t\t\t\t\t\t\tCH\u00cdNH S\u00c1CH B\u00c1N H\u00c0NG\t\t\t\t\t\t\t\t<\/h2>\n\t\t\t\t\t\t\t<\/div>\n\t\t\t\t\t\t\t\t\t\t\t\t<\/div>\n\n\t\t\t\t\t\n\t\t\t\t\t\t\t\t\t\t\t<div class=\"pp-info-box-description\">\n\t\t\t\t\t\t\t<p><span style=\"font-weight: 400;\">Savor &amp; Scoop l\u00e0 th\u01b0\u01a1ng hi\u1ec7u kem th\u1ee7 c\u00f4ng Ph\u00e1p, \u0111\u01b0\u1ee3c s\u1ea3n xu\u1ea5t v\u1edbi ngu\u1ed3n nguy\u00ean li\u1ec7u h\u1eefu c\u01a1 (Organic) thanh s\u1ea1ch, an to\u00e0n cho s\u1ee9c kh\u1ecfe. Kh\u00f4ng ch\u1ec9 ph\u1ee5c v\u1ee5 \u0111a d\u1ea1ng v\u1edbi h\u01a1n 50 v\u1ecb kem, Savor &amp; Scoop c\u00f2n x\u00e2y d\u1ef1ng ch\u00ednh s\u00e1ch b\u00e1n h\u00e0ng minh b\u1ea1ch d\u00e0nh cho kh\u00e1ch h\u00e0ng:<\/span><\/p><h2><b>Cam k\u1ebft ch\u1ea5t l\u01b0\u1ee3ng v\u00e0 ngu\u1ed3n g\u1ed1c\u00a0<\/b><\/h2><p><span style=\"font-weight: 400;\">Ch\u1ea5t l\u01b0\u1ee3ng lu\u00f4n l\u00e0 \u01b0u ti\u00ean h\u00e0ng \u0111\u1ea7u t\u1ea1i Savor &amp; Scoop, b\u1eaft \u0111\u1ea7u t\u1eeb vi\u1ec7c l\u1ef1a ch\u1ecdn nguy\u00ean li\u1ec7u h\u1eefu c\u01a1 (organic) s\u1ea1ch, l\u00e0nh v\u00e0 c\u00f3 ngu\u1ed3n g\u1ed1c ch\u00ednh ng\u1ea1ch. Tr\u00e1i c\u00e2y \u0111\u01b0\u1ee3c tuy\u1ec3n ch\u1ecdn k\u1ef9 l\u01b0\u1ee1ng, \u01b0u ti\u00ean ngu\u1ed3n tr\u00e1i c\u00e2y s\u1ea1ch theo m\u00f9a ho\u1eb7c tr\u00e1i c\u00e2y nh\u1eadp kh\u1ea9u t\u1eeb th\u01b0\u01a1ng hi\u1ec7u Andros (Ph\u00e1p). C\u00e1c nguy\u00ean li\u1ec7u \u0111i k\u00e8m \u0111\u1ec1u \u0111\u01b0\u1ee3c tinh ch\u1ecdn t\u1eeb nh\u1eefng s\u1ea3n ph\u1ea9m ti\u1ec7t tr\u00f9ng \u0111\u1ea1t chu\u1ea9n v\u00e0 th\u01b0\u01a1ng hi\u1ec7u uy t\u00edn \u0111\u1ebfn t\u1eeb Ph\u00e1p. Savor &amp; Scoop h\u01b0\u1edbng \u0111\u1ebfn d\u00f2ng kem h\u1eefu c\u01a1, v\u1edbi ti\u00eau ch\u00ed:<\/span><\/p><ul><li style=\"font-weight: 400;\" aria-level=\"1\"><span style=\"font-weight: 400;\">KH\u00d4NG ch\u1ea5t b\u1ea3o qu\u1ea3n<\/span><\/li><li style=\"font-weight: 400;\" aria-level=\"1\"><span style=\"font-weight: 400;\">KH\u00d4NG ch\u1ea5t \u1ed5n \u0111\u1ecbnh<\/span><\/li><li style=\"font-weight: 400;\" aria-level=\"1\"><span style=\"font-weight: 400;\">KH\u00d4NG \u0111\u01b0\u1eddng tinh luy\u1ec7n<\/span><\/li><li style=\"font-weight: 400;\" aria-level=\"1\"><span style=\"font-weight: 400;\">KH\u00d4NG ch\u1ea5t t\u1ea1o m\u00e0u, t\u1ea1o h\u01b0\u01a1ng<\/span><\/li><\/ul><p><span style=\"font-weight: 400;\">H\u1ea7u h\u1ebft c\u00e1c nguy\u00ean li\u1ec7u \u0111\u01b0\u1ee3c s\u1eed d\u1ee5ng \u0111\u1ec1u c\u00f3 ngu\u1ed3n g\u1ed1c\u00a0 h\u1eefu c\u01a1, l\u00e0nh t\u00ednh v\u1edbi s\u1ee9c kh\u1ecfe. Ph\u1ea7n ch\u1ea5t l\u01b0\u1ee3ng t\u1eebng m\u1ebb kem c\u0169ng\u00a0 ki\u1ec3m so\u00e1t b\u1eb1ng ch\u00ednh \u0111\u00f4i tay, kinh nghi\u1ec7m c\u1ee7a ng\u01b0\u1eddi th\u1ee3 \u201cb\u1ebfp l\u1ea1nh\u201d. T\u1eebng h\u01b0\u01a1ng v\u1ecb \u0111\u01b0\u1ee3c ph\u00e1t tri\u1ec3n theo chi\u1ec1u s\u00e2u, \u0111\u1ee7 \u0111\u1ec3 k\u00e9o b\u1ea1n ra kh\u1ecfi nh\u1ecbp s\u1ed1ng v\u1ed9i v\u00e3 b\u00ean ngo\u00e0i, ch\u1eadm l\u1ea1i, th\u01b0 gi\u00e3n v\u00e0 t\u1eadn h\u01b0\u1edfng tr\u1ecdn v\u1eb9n kho\u1ea3nh kh\u1eafc \u201c\u0103n ngon\u201d \u0111\u00fang ngh\u0129a.<\/span><\/p><p><span style=\"font-weight: 400;\">M\u1ed7i h\u01b0\u01a1ng v\u1ecb l\u00e0 m\u1ed9t s\u1ef1 cam k\u1ebft m\u1ea1nh m\u1ebd c\u1ee7a Savor &amp; Scoop v\u1ec1 v\u1ecb th\u1eadt, h\u01b0\u01a1ng th\u1eadt &#8211; t\u1eeb ch\u00ednh nh\u1eefng nguy\u00ean li\u1ec7u t\u1ef1 nhi\u00ean \u1ea5y. T\u1ea1i Savor &amp; Scoop, t\u00ean kem c\u0169ng ch\u00ednh l\u00e0 ng\u00f4n ng\u1eef mi\u00eau t\u1ea3 ch\u00e2n th\u1eadt nh\u1ea5t v\u1ec1 h\u01b0\u01a1ng v\u00e0 v\u1ecb c\u1ee7a lo\u1ea1i kem \u0111\u00f3.\u00a0<\/span><\/p><h2><b>Ch\u00ednh s\u00e1ch v\u1eadn chuy\u1ec3n s\u1ec9 &amp; l\u1ebb<\/b><\/h2><p><span style=\"font-weight: 400;\">Kh\u00e1ch h\u00e0ng mua h\u00f3a \u0111\u01a1n t\u1eeb 1 s\u1ea3n ph\u1ea9m hay mua s\u1ec9 v\u1edbi s\u1ed1 l\u01b0\u1ee3ng l\u1edbn, Savor &amp; Scoop v\u1eabn s\u1ebd v\u1eadn chuy\u1ec3n v\u00e0 giao h\u00e0ng t\u1eadn n\u01a1i m\u1ed9t c\u00e1ch nhanh ch\u00f3ng nh\u1ea5t, c\u1ee5 th\u1ec3:<\/span><\/p><ul><li style=\"font-weight: 400;\" aria-level=\"1\"><span style=\"font-weight: 400;\">V\u00ec \u0111\u00e2y l\u00e0 s\u1ea3n ph\u1ea9m kem l\u1ea1nh, Savor &amp; Scoop ch\u1ec9 h\u1ed7 tr\u1ee3 v\u1eadn chuy\u1ec3n n\u1ed9i th\u00e0nh \u0110\u00e0 N\u1eb5ng (c\u0169) v\u00e0 khu v\u1ef1c H\u1ed9i An.\u00a0<\/span><\/li><li style=\"font-weight: 400;\" aria-level=\"1\"><span style=\"font-weight: 400;\">Ch\u1ec9 cam k\u1ebft \u0111\u1ea3m b\u1ea3o \u0111\u01a1n h\u00e0ng trong qu\u00e1 tr\u00ecnh v\u1eadn chuy\u1ec3n t\u1eeb Savor &amp; Scoop \u0111\u1ebfn \u0111i\u1ec3m nh\u1eadn. Ch\u00fang t\u00f4i kh\u00f4ng ch\u1ecbu tr\u00e1ch nhi\u1ec7m v\u1edbi t\u00ecnh tr\u1ea1ng \u0111\u01a1n h\u00e0ng sau th\u1eddi \u0111i\u1ec3m giao nh\u1eadn h\u00e0ng n\u00e0y.\u00a0<\/span><\/li><li style=\"font-weight: 400;\" aria-level=\"1\"><span style=\"font-weight: 400;\">Th\u1eddi gian giao nh\u1eadn s\u1ebd \u0111\u01b0\u1ee3c \u0111\u1ed9i ng\u0169 t\u01b0 v\u1ea5n c\u1ee7a Savor &amp; Scoop h\u1ed7 tr\u1ee3 t\u01b0 v\u1ea5n tr\u1ef1c ti\u1ebfp v\u00e0 chi ti\u1ebft trong qu\u00e1 tr\u00ecnh \u0111\u1eb7t \u0111\u01a1n<\/span><\/li><\/ul><p><b>L\u01b0u \u00fd:<\/b><\/p><p><span style=\"font-weight: 400;\">\u0110\u1ed1i v\u1edbi c\u00e1c \u0111\u1ed1i t\u00e1c \u0111\u1ea1i l\u00fd\/s\u1ec9, Savor &amp; Scoop s\u1ebd c\u00f3 ch\u00ednh s\u00e1ch h\u1ed7 tr\u1ee3 v\u1eadn chuy\u1ec3n ri\u00eang, tuy theo s\u1ed1 l\u01b0\u1ee3ng \u0111\u01a1n h\u00e0ng v\u00e0 v\u1ecb tr\u00ed. Kh\u00e1ch h\u00e0ng vui l\u00f2ng li\u00ean h\u1ec7 \u0111\u1ec3 \u0111\u01b0\u1ee3c t\u01b0 v\u1ea5n chi ti\u1ebft.\u00a0<\/span><\/p><h2><b>T\u1ed5ng k\u1ebft<\/b><\/h2><p><span style=\"font-weight: 400;\">X\u01b0\u1edfng kem th\u1ee7 c\u00f4ng Ph\u00e1p Savor &amp; Scoop mang \u0111\u1ebfn nh\u1eefng m\u1ebb kem ngon, an to\u00e0n cho s\u1ee9c kh\u1ecfe v\u1edbi ngu\u1ed3n nguy\u00ean li\u1ec7u organic, ch\u00ednh ng\u1ea1ch v\u00e0 c\u00f3 ngu\u1ed3n g\u1ed1c r\u00f5 r\u00e0ng. M\u1ed7i mu\u1ed7ng kem l\u00e0 m\u1ed9t s\u1ef1 cam k\u1ebft v\u1ec1 ch\u1ea5t l\u01b0\u1ee3ng, s\u1ef1 ch\u00e2n th\u1eadt trong h\u01b0\u01a1ng v\u1ecb v\u00e0 c\u00e1i t\u00e2m l\u00e0m ngh\u1ec1 b\u1ebfp c\u1ee7a anh C\u00fan nh\u01b0 ch\u00ednh t\u00ecnh y\u00eau th\u01b0\u01a1ng v\u00e0 s\u1ef1 b\u1ea3o v\u1ec7 d\u00e0nh cho gia \u0111\u00ecnh c\u1ee7a m\u00ecnh. M\u1ed7i \u0111\u01a1n h\u00e0ng giao \u0111\u1ebfn b\u1ea1n l\u00e0 m\u1ed9t s\u1ef1 trung th\u1ef1c, ch\u00e2n th\u00e0nh v\u00e0 cam k\u1ebft m\u1ea1nh m\u1ebd v\u1ec1 tr\u1ea3i nghi\u1ec7m.\u00a0<\/span><\/p>\t\t\t\t\t\t<\/div>\n\t\t\t\t\t\t\t\t\t\t\t\t\t\t<\/div>\n\t\t\t<\/div>\n\t\t<\/div>\n\t\t\t\t\t\t<\/div>\n\t\t\t\t<\/div>\n\t\t\t\t\t<\/div>\n\t\t\t\t<\/div>\n\t\t\t\t<\/div>\n\t\t","protected":false},"excerpt":{"rendered":"<p>CH\u00cdNH S\u00c1CH B\u00c1N H\u00c0NG Savor &amp; Scoop l\u00e0 th\u01b0\u01a1ng hi\u1ec7u kem th\u1ee7 c\u00f4ng Ph\u00e1p, \u0111\u01b0\u1ee3c s\u1ea3n xu\u1ea5t v\u1edbi ngu\u1ed3n nguy\u00ean li\u1ec7u h\u1eefu c\u01a1 (Organic) thanh s\u1ea1ch, an to\u00e0n cho s\u1ee9c kh\u1ecfe. Kh\u00f4ng ch\u1ec9 ph\u1ee5c v\u1ee5 \u0111a d\u1ea1ng v\u1edbi h\u01a1n 50 v\u1ecb kem, Savor &amp; Scoop c\u00f2n x\u00e2y d\u1ef1ng ch\u00ednh s\u00e1ch b\u00e1n h\u00e0ng minh b\u1ea1ch d\u00e0nh [&hellip;]<\/p>\n","protected":false},"author":1,"featured_media":0,"parent":0,"menu_order":0,"comment_status":"closed","ping_status":"closed","template":"elementor_header_footer","meta":{"footnotes":""},"class_list":["post-645","page","type-page","status-publish","hentry"],"acf":[],"_links":{"self":[{"href":"https:\/\/hathannhatlong.io.vn\/kemtyvan\/wp-json\/wp\/v2\/pages\/645","targetHints":{"allow":["GET"]}}],"collection":[{"href":"https:\/\/hathannhatlong.io.vn\/kemtyvan\/wp-json\/wp\/v2\/pages"}],"about":[{"href":"https:\/\/hathannhatlong.io.vn\/kemtyvan\/wp-json\/wp\/v2\/types\/page"}],"author":[{"embeddable":true,"href":"https:\/\/hathannhatlong.io.vn\/kemtyvan\/wp-json\/wp\/v2\/users\/1"}],"replies":[{"embeddable":true,"href":"https:\/\/hathannhatlong.io.vn\/kemtyvan\/wp-json\/wp\/v2\/comments?post=645"}],"version-history":[{"count":7,"href":"https:\/\/hathannhatlong.io.vn\/kemtyvan\/wp-json\/wp\/v2\/pages\/645\/revisions"}],"predecessor-version":[{"id":653,"href":"https:\/\/hathannhatlong.io.vn\/kemtyvan\/wp-json\/wp\/v2\/pages\/645\/revisions\/653"}],"wp:attachment":[{"href":"https:\/\/hathannhatlong.io.vn\/kemtyvan\/wp-json\/wp\/v2\/media?parent=645"}],"curies":[{"name":"wp","href":"https:\/\/api.w.org\/{rel}","templated":true}]}}