{"id":654,"date":"2026-04-04T04:52:58","date_gmt":"2026-04-04T04:52:58","guid":{"rendered":"https:\/\/hathannhatlong.io.vn\/kemtyvan\/?page_id=654"},"modified":"2026-04-04T04:53:28","modified_gmt":"2026-04-04T04:53:28","slug":"chinh-sach-bao-mat","status":"publish","type":"page","link":"https:\/\/hathannhatlong.io.vn\/kemtyvan\/chinh-sach-bao-mat\/","title":{"rendered":"CH\u00cdNH S\u00c1CH B\u1ea2O M\u1eacT"},"content":{"rendered":"\t\t<div data-elementor-type=\"wp-page\" data-elementor-id=\"654\" class=\"elementor elementor-654\" data-elementor-post-type=\"page\">\n\t\t\t\t<div class=\"elementor-element elementor-element-3867913 e-flex e-con-boxed e-con e-parent\" data-id=\"3867913\" data-element_type=\"container\" data-e-type=\"container\" data-settings=\"{&quot;background_background&quot;:&quot;classic&quot;}\">\n\t\t\t\t\t<div class=\"e-con-inner\">\n\t\t\t\t\t<\/div>\n\t\t\t\t<\/div>\n\t\t<div class=\"elementor-element elementor-element-ba34a32 e-flex e-con-boxed e-con e-parent\" data-id=\"ba34a32\" data-element_type=\"container\" data-e-type=\"container\">\n\t\t\t\t\t<div class=\"e-con-inner\">\n\t\t\t\t<div class=\"elementor-element elementor-element-2c781e0 elementor-widget elementor-widget-pp-info-box\" data-id=\"2c781e0\" data-element_type=\"widget\" data-e-type=\"widget\" data-widget_type=\"pp-info-box.default\">\n\t\t\t\t<div class=\"elementor-widget-container\">\n\t\t\t\t\t\t\t<div class=\"pp-info-box-container\">\n\t\t\t<div class=\"pp-info-box\">\n\t\t\t\t\t\t\t\t<div class=\"pp-info-box-content\">\n\t\t\t\t\t<div class=\"pp-info-box-title-wrap\">\n\t\t\t\t\t\t\t\t\t\t\t\t\t<div class=\"pp-info-box-title-container\">\n\t\t\t\t\t\t\t\t<h2 class=\"pp-info-box-title\">\n\t\t\t\t\t\t\t\t\tCH\u00cdNH S\u00c1CH B\u1ea2O M\u1eacT \t\t\t\t\t\t\t\t<\/h2>\n\t\t\t\t\t\t\t<\/div>\n\t\t\t\t\t\t\t\t\t\t\t\t<\/div>\n\n\t\t\t\t\t\n\t\t\t\t\t\t\t\t\t\t\t<div class=\"pp-info-box-description\">\n\t\t\t\t\t\t\t<p><span style=\"font-weight: 400;\">Vi\u1ec7c b\u1ea3o v\u1ec7 th\u00f4ng tin c\u00e1 nh\u00e2n v\u00e0 quy\u1ec1n ri\u00eang t\u01b0 c\u1ee7a kh\u00e1ch h\u00e0ng khi truy c\u1eadp v\u00e0 mua s\u1eafm t\u1ea1i website kemthucongphap.com lu\u00f4n l\u00e0 \u01b0u ti\u00ean h\u00e0ng \u0111\u1ea7u c\u1ee7a Savor &amp; Scoop. Ch\u00ednh s\u00e1ch b\u1ea3o m\u1eadt n\u00e0y \u0111\u01b0\u1ee3c x\u00e2y d\u1ef1ng nh\u1eb1m gi\u00fap kh\u00e1ch h\u00e0ng hi\u1ec3u r\u00f5 c\u00e1ch ch\u00fang t\u00f4i thu th\u1eadp, s\u1eed d\u1ee5ng v\u00e0 b\u1ea3o v\u1ec7 th\u00f4ng tin c\u00e1 nh\u00e2n.<\/span><\/p><h2><b>M\u1ee5c \u0111\u00edch v\u00e0 ph\u1ea1m vi thu th\u1eadp th\u00f4ng tin<\/b><\/h2><p><span style=\"font-weight: 400;\">Website Savor &amp; Scoop ch\u1ec9 thu th\u1eadp nh\u1eefng th\u00f4ng tin c\u1ea7n thi\u1ebft \u0111\u1ec3 ph\u1ee5c v\u1ee5 cho c\u00e1c m\u1ee5c \u0111\u00edch sau:<\/span><\/p><ul><li style=\"font-weight: 400;\" aria-level=\"1\"><span style=\"font-weight: 400;\">T\u01b0 v\u1ea5n, x\u1eed l\u00fd \u0111\u01a1n h\u00e0ng, x\u00e1c nh\u1eadn v\u00e0 giao h\u00e0ng<\/span><\/li><li style=\"font-weight: 400;\" aria-level=\"1\"><span style=\"font-weight: 400;\">Ch\u0103m s\u00f3c kh\u00e1ch h\u00e0ng, th\u1ef1c hi\u1ec7n b\u1ea3o h\u00e0nh v\u00e0 h\u1eadu m\u00e3i<\/span><\/li><li style=\"font-weight: 400;\" aria-level=\"1\"><span style=\"font-weight: 400;\">G\u1eedi th\u00f4ng tin v\u1ec1 s\u1ea3n ph\u1ea9m v\u00e0 c\u00e1c ch\u01b0\u01a1ng tr\u00ecnh \u01b0u \u0111\u00e3i ph\u00f9 h\u1ee3p<\/span><\/li><li style=\"font-weight: 400;\" aria-level=\"1\"><span style=\"font-weight: 400;\">N\u00e2ng cao ch\u1ea5t l\u01b0\u1ee3ng d\u1ecbch v\u1ee5 v\u00e0 t\u1ed1i \u01b0u tr\u1ea3i nghi\u1ec7m ng\u01b0\u1eddi d\u00f9ng<\/span><\/li><\/ul><p>\u00a0<\/p><p><span style=\"font-weight: 400;\">Khi kh\u00e1ch h\u00e0ng truy c\u1eadp v\u00e0 \u0111\u1eb7t h\u00e0ng tr\u00ean website, ch\u00fang t\u00f4i c\u00f3 th\u1ec3 thu th\u1eadp c\u00e1c th\u00f4ng tin bao g\u1ed3m:<\/span><\/p><ul><li style=\"font-weight: 400;\" aria-level=\"1\"><span style=\"font-weight: 400;\">H\u1ecd v\u00e0 t\u00ean<\/span><\/li><li style=\"font-weight: 400;\" aria-level=\"1\"><span style=\"font-weight: 400;\">S\u1ed1 \u0111i\u1ec7n tho\u1ea1i<\/span><\/li><li style=\"font-weight: 400;\" aria-level=\"1\"><span style=\"font-weight: 400;\">\u0110\u1ecba ch\u1ec9 email<\/span><\/li><li style=\"font-weight: 400;\" aria-level=\"1\"><span style=\"font-weight: 400;\">\u0110\u1ecba ch\u1ec9 giao h\u00e0ng<\/span><\/li><li style=\"font-weight: 400;\" aria-level=\"1\"><span style=\"font-weight: 400;\">N\u1ed9i dung trao \u0111\u1ed5i, ph\u1ea3n h\u1ed3i<\/span><\/li><li style=\"font-weight: 400;\" aria-level=\"1\"><span style=\"font-weight: 400;\">Th\u00f4ng tin thanh to\u00e1n v\u00e0 l\u1ecbch s\u1eed mua h\u00e0ng (n\u1ebfu c\u00f3)<\/span><\/li><li style=\"font-weight: 400;\" aria-level=\"1\"><span style=\"font-weight: 400;\">\u0110\u1ecba ch\u1ec9 IP, v\u1ecb tr\u00ed, c\u00f9ng l\u1ecbch s\u1eed truy c\u1eadp v\u00e0 ho\u1ea1t \u0111\u1ed9ng tr\u00ean website<\/span><\/li><\/ul><h2><b>Cam k\u1ebft b\u1ea3o m\u1eadt th\u00f4ng tin kh\u00e1ch h\u00e0ng<\/b><\/h2><p><span style=\"font-weight: 400;\">Savor &amp; Scoop cam k\u1ebft b\u1ea3o m\u1eadt th\u00f4ng tin kh\u00e1ch h\u00e0ng theo c\u00e1c nguy\u00ean t\u1eafc sau:<\/span><\/p><ul><li style=\"font-weight: 400;\" aria-level=\"1\"><span style=\"font-weight: 400;\">Kh\u00f4ng chia s\u1ebb, trao \u0111\u1ed5i ho\u1eb7c b\u00e1n th\u00f4ng tin kh\u00e1ch h\u00e0ng cho b\u1ea5t k\u1ef3 b\u00ean th\u1ee9 ba n\u00e0o v\u00ec m\u1ee5c \u0111\u00edch th\u01b0\u01a1ng m\u1ea1i<\/span><\/li><li style=\"font-weight: 400;\" aria-level=\"1\"><span style=\"font-weight: 400;\">\u00c1p d\u1ee5ng c\u00e1c bi\u1ec7n ph\u00e1p k\u1ef9 thu\u1eadt v\u00e0 b\u1ea3o m\u1eadt ph\u00f9 h\u1ee3p \u0111\u1ec3 b\u1ea3o v\u1ec7 d\u1eef li\u1ec7u ng\u01b0\u1eddi d\u00f9ng<\/span><\/li><li style=\"font-weight: 400;\" aria-level=\"1\"><span style=\"font-weight: 400;\">Trong c\u00e1c tr\u01b0\u1eddng h\u1ee3p \u0111\u1eb7c bi\u1ec7t nh\u01b0 y\u00eau c\u1ea7u t\u1eeb c\u01a1 quan c\u00f3 th\u1ea9m quy\u1ec1n, tranh ch\u1ea5p ph\u00e1p l\u00fd ho\u1eb7c t\u00ecnh hu\u1ed1ng kh\u1ea9n c\u1ea5p, th\u00f4ng tin c\u00f3 th\u1ec3 \u0111\u01b0\u1ee3c cung c\u1ea5p nh\u1eb1m \u0111\u1ea3m b\u1ea3o an to\u00e0n v\u00e0 quy\u1ec1n l\u1ee3i h\u1ee3p ph\u00e1p c\u1ee7a c\u00e1c b\u00ean li\u00ean quan<\/span><\/li><li style=\"font-weight: 400;\" aria-level=\"1\"><span style=\"font-weight: 400;\">N\u1ebfu x\u1ea3y ra s\u1ef1 c\u1ed1 r\u00f2 r\u1ec9 d\u1eef li\u1ec7u do t\u1ea5n c\u00f4ng t\u1eeb b\u00ean ngo\u00e0i, ch\u00fang t\u00f4i s\u1ebd nhanh ch\u00f3ng th\u00f4ng b\u00e1o \u0111\u1ebfn c\u01a1 quan ch\u1ee9c n\u0103ng v\u00e0 kh\u00e1ch h\u00e0ng \u0111\u1ec3 c\u00f3 bi\u1ec7n ph\u00e1p x\u1eed l\u00fd k\u1ecbp th\u1eddi<\/span><\/li><\/ul><h2><b>Th\u1eddi gian l\u01b0u tr\u1eef th\u00f4ng tin<\/b><\/h2><p><span style=\"font-weight: 400;\">Th\u00f4ng tin c\u00e1 nh\u00e2n c\u1ee7a kh\u00e1ch h\u00e0ng s\u1ebd \u0111\u01b0\u1ee3c l\u01b0u tr\u1eef trong h\u1ec7 th\u1ed1ng n\u1ed9i b\u1ed9 c\u1ee7a Savor &amp; Scoop cho \u0111\u1ebfn khi c\u00f3 y\u00eau c\u1ea7u ch\u1ec9nh s\u1eeda ho\u1eb7c x\u00f3a b\u1ecf t\u1eeb ph\u00eda kh\u00e1ch h\u00e0ng.<\/span><\/p><h2><b>Quy\u1ec1n c\u1ee7a kh\u00e1ch h\u00e0ng \u0111\u1ed1i v\u1edbi th\u00f4ng tin c\u00e1 nh\u00e2n<\/b><\/h2><p><span style=\"font-weight: 400;\">Kh\u00e1ch h\u00e0ng c\u00f3 to\u00e0n quy\u1ec1n \u0111\u1ed1i v\u1edbi th\u00f4ng tin \u0111\u00e3 cung c\u1ea5p, bao g\u1ed3m:<\/span><\/p><p>\u00a0<\/p><p><span style=\"font-weight: 400;\">Y\u00eau c\u1ea7u xem, c\u1eadp nh\u1eadt, ch\u1ec9nh s\u1eeda ho\u1eb7c x\u00f3a th\u00f4ng tin c\u00e1 nh\u00e2n<\/span><\/p><p><span style=\"font-weight: 400;\">T\u1eeb ch\u1ed1i nh\u1eadn th\u00f4ng tin qu\u1ea3ng c\u00e1o, khuy\u1ebfn m\u00e3i b\u1ea5t k\u1ef3 l\u00fac n\u00e0o<\/span><\/p><p><span style=\"font-weight: 400;\">G\u1eedi khi\u1ebfu n\u1ea1i n\u1ebfu ph\u00e1t hi\u1ec7n th\u00f4ng tin b\u1ecb s\u1eed d\u1ee5ng sai m\u1ee5c \u0111\u00edch<\/span><\/p><p>\u00a0<\/p><p><span style=\"font-weight: 400;\">M\u1ecdi y\u00eau c\u1ea7u ho\u1eb7c khi\u1ebfu n\u1ea1i li\u00ean quan \u0111\u1ebfn th\u00f4ng tin c\u00e1 nh\u00e2n, vui l\u00f2ng li\u00ean h\u1ec7:<\/span><\/p><ul><li style=\"font-weight: 400;\" aria-level=\"1\"><span style=\"font-weight: 400;\">Hotline (Zalo): 093 543 11 68<\/span><\/li><li style=\"font-weight: 400;\" aria-level=\"1\"><span style=\"font-weight: 400;\">Email: van.inyzant@gmail.com<\/span><\/li><li style=\"font-weight: 400;\" aria-level=\"1\"><span style=\"font-weight: 400;\">Form li\u00ean h\u1ec7 t\u1ea1i website kemthucongphap.com<\/span><\/li><\/ul><h2><b>\u0110i\u1ec1u ch\u1ec9nh ch\u00ednh s\u00e1ch<\/b><\/h2><p><span style=\"font-weight: 400;\">Nh\u1eb1m n\u00e2ng cao tr\u1ea3i nghi\u1ec7m v\u00e0 \u0111\u1ea3m b\u1ea3o an to\u00e0n th\u00f4ng tin, Savor &amp; Scoop c\u00f3 th\u1ec3 c\u1eadp nh\u1eadt n\u1ed9i dung ch\u00ednh s\u00e1ch b\u1ea3o m\u1eadt theo t\u1eebng th\u1eddi \u0111i\u1ec3m. M\u1ecdi thay \u0111\u1ed5i s\u1ebd \u0111\u01b0\u1ee3c c\u00f4ng b\u1ed1 c\u00f4ng khai tr\u00ean website \u0111\u1ec3 kh\u00e1ch h\u00e0ng thu\u1eadn ti\u1ec7n theo d\u00f5i.<\/span><\/p><p>\u00a0<\/p><p><span style=\"font-weight: 400;\">Vi\u1ec7c b\u1ea3o v\u1ec7 th\u00f4ng tin c\u00e1 nh\u00e2n v\u00e0 \u0111\u1ea3m b\u1ea3o quy\u1ec1n ri\u00eang t\u01b0 khi qu\u00fd kh\u00e1ch truy c\u1eadp, mua s\u1eafm tr\u00ean website kemthucongphap.com l\u00e0 \u01b0u ti\u00ean h\u00e0ng \u0111\u1ea7u c\u1ee7a ch\u00fang t\u00f4i. V\u00ec v\u1eady, kem Savor &amp; Scoop x\u00e2y d\u1ef1ng ch\u00ednh s\u00e1ch b\u1ea3o m\u1eadt d\u01b0\u1edbi \u0111\u00e2y \u0111\u1ec3 gi\u00fap qu\u00fd kh\u00e1ch h\u00e0ng hi\u1ec3u r\u00f5 c\u00e1ch ch\u00fang t\u00f4i thu th\u1eadp, s\u1eed d\u1ee5ng v\u00e0 b\u1ea3o v\u1ec7 th\u00f4ng tin c\u1ee7a b\u1ea1n.<\/span><\/p>\t\t\t\t\t\t<\/div>\n\t\t\t\t\t\t\t\t\t\t\t\t\t\t<\/div>\n\t\t\t<\/div>\n\t\t<\/div>\n\t\t\t\t\t\t<\/div>\n\t\t\t\t<\/div>\n\t\t\t\t\t<\/div>\n\t\t\t\t<\/div>\n\t\t\t\t<\/div>\n\t\t","protected":false},"excerpt":{"rendered":"<p>CH\u00cdNH S\u00c1CH B\u1ea2O M\u1eacT Vi\u1ec7c b\u1ea3o v\u1ec7 th\u00f4ng tin c\u00e1 nh\u00e2n v\u00e0 quy\u1ec1n ri\u00eang t\u01b0 c\u1ee7a kh\u00e1ch h\u00e0ng khi truy c\u1eadp v\u00e0 mua s\u1eafm t\u1ea1i website kemthucongphap.com lu\u00f4n l\u00e0 \u01b0u ti\u00ean h\u00e0ng \u0111\u1ea7u c\u1ee7a Savor &amp; Scoop. Ch\u00ednh s\u00e1ch b\u1ea3o m\u1eadt n\u00e0y \u0111\u01b0\u1ee3c x\u00e2y d\u1ef1ng nh\u1eb1m gi\u00fap kh\u00e1ch h\u00e0ng hi\u1ec3u r\u00f5 c\u00e1ch ch\u00fang t\u00f4i thu [&hellip;]<\/p>\n","protected":false},"author":1,"featured_media":0,"parent":0,"menu_order":0,"comment_status":"closed","ping_status":"closed","template":"elementor_header_footer","meta":{"footnotes":""},"class_list":["post-654","page","type-page","status-publish","hentry"],"acf":[],"_links":{"self":[{"href":"https:\/\/hathannhatlong.io.vn\/kemtyvan\/wp-json\/wp\/v2\/pages\/654","targetHints":{"allow":["GET"]}}],"collection":[{"href":"https:\/\/hathannhatlong.io.vn\/kemtyvan\/wp-json\/wp\/v2\/pages"}],"about":[{"href":"https:\/\/hathannhatlong.io.vn\/kemtyvan\/wp-json\/wp\/v2\/types\/page"}],"author":[{"embeddable":true,"href":"https:\/\/hathannhatlong.io.vn\/kemtyvan\/wp-json\/wp\/v2\/users\/1"}],"replies":[{"embeddable":true,"href":"https:\/\/hathannhatlong.io.vn\/kemtyvan\/wp-json\/wp\/v2\/comments?post=654"}],"version-history":[{"count":4,"href":"https:\/\/hathannhatlong.io.vn\/kemtyvan\/wp-json\/wp\/v2\/pages\/654\/revisions"}],"predecessor-version":[{"id":658,"href":"https:\/\/hathannhatlong.io.vn\/kemtyvan\/wp-json\/wp\/v2\/pages\/654\/revisions\/658"}],"wp:attachment":[{"href":"https:\/\/hathannhatlong.io.vn\/kemtyvan\/wp-json\/wp\/v2\/media?parent=654"}],"curies":[{"name":"wp","href":"https:\/\/api.w.org\/{rel}","templated":true}]}}